{"id":241,"date":"2021-03-02T11:38:42","date_gmt":"2021-03-02T11:38:42","guid":{"rendered":"https:\/\/mentoris.fi\/verkkokauppa\/?post_type=product&#038;p=241"},"modified":"2021-07-07T10:24:13","modified_gmt":"2021-07-07T10:24:13","slug":"aikuisten-etaterapia","status":"publish","type":"product","link":"https:\/\/mentoris.fi\/verkkokauppa\/tuote\/aikuisten-etaterapia\/","title":{"rendered":"Aikuisten et\u00e4terapia"},"content":{"rendered":"<p>Autamme aikuista ihmist\u00e4 itsen\u00e4iseen el\u00e4m\u00e4\u00e4n sairastumisen tai vammautumisen j\u00e4lkeen. Et\u00e4terapiassa toimintakyky\u00e4 pyrit\u00e4\u00e4n yll\u00e4pit\u00e4m\u00e4\u00e4n tai palauttamaan toiminnan ja harjoitusten avulla. Terapian tavoitteet vastaavat asiakkaan toiveita sek\u00e4 tarpeita, ja toiminnalliset harjoitteet r\u00e4\u00e4t\u00e4l\u00f6id\u00e4\u00e4n sopimaan juuri asiakkaan omaan arkeen. Jollain tavoitteena voi olla itsen\u00e4inen ruoanlaitto omassa keitti\u00f6ss\u00e4. Toisella taas tavoite voi olla ty\u00f6el\u00e4m\u00e4\u00e4n palaaminen, tai uusien vaihtoehtoisten toimintatapojen l\u00f6yt\u00e4minen arjen toiminnoissa sairastumisen j\u00e4lkeen.<\/p>\n","protected":false},"excerpt":{"rendered":"<p>N\u00e4in teet varauksen:<\/p>\n<ol>\n<li>Valitse terapia istunnon kesto alla olevista vaihtoehdoista.<\/li>\n<li>Klikkaa &#8221;Katso vapaat ajat&#8221;-painiketta, joka vie ajan varaus sivulle.<\/li>\n<li>Valitse p\u00e4iv\u00e4m\u00e4\u00e4r\u00e4 ja ajankohta. Halutessasi voit valita my\u00f6s ty\u00f6ntekij\u00e4n jolle haluat ajan varata.<\/li>\n<li>T\u00e4yt\u00e4 tietosi ja vahvista varaus.<\/li>\n<li>Varauksen tehty\u00e4si, saat varausvahvistuksen ja maksutiedot s\u00e4hk\u00f6postiisi.<\/li>\n<\/ol>\n","protected":false},"featured_media":50,"comment_status":"open","ping_status":"closed","template":"","meta":[],"product_cat":[21],"product_tag":[],"acf":[],"yoast_head":"<!-- This site is optimized with the Yoast SEO plugin v17.6 - https:\/\/yoast.com\/wordpress\/plugins\/seo\/ -->\n<title>Aikuisten et\u00e4terapia - Terapiakeskus Mentoris verkkokauppa<\/title>\n<meta name=\"robots\" content=\"index, follow, max-snippet:-1, max-image-preview:large, max-video-preview:-1\" \/>\n<link rel=\"canonical\" href=\"https:\/\/mentoris.fi\/verkkokauppa\/tuote\/aikuisten-etaterapia\/\" \/>\n<meta property=\"og:locale\" content=\"fi_FI\" \/>\n<meta property=\"og:type\" content=\"article\" \/>\n<meta property=\"og:title\" content=\"Aikuisten et\u00e4terapia - Terapiakeskus Mentoris verkkokauppa\" \/>\n<meta property=\"og:description\" content=\"N\u00e4in teet varauksen:   Valitse terapia istunnon kesto alla olevista vaihtoehdoista.  Klikkaa &quot;Katso vapaat ajat&quot;-painiketta, joka vie ajan varaus sivulle.  Valitse p\u00e4iv\u00e4m\u00e4\u00e4r\u00e4 ja ajankohta. Halutessasi voit valita my\u00f6s ty\u00f6ntekij\u00e4n jolle haluat ajan varata.  T\u00e4yt\u00e4 tietosi ja vahvista varaus.  Varauksen tehty\u00e4si, saat varausvahvistuksen ja maksutiedot s\u00e4hk\u00f6postiisi.\" \/>\n<meta property=\"og:url\" content=\"https:\/\/mentoris.fi\/verkkokauppa\/tuote\/aikuisten-etaterapia\/\" \/>\n<meta property=\"og:site_name\" content=\"Terapiakeskus Mentoris verkkokauppa\" \/>\n<meta property=\"article:modified_time\" content=\"2021-07-07T10:24:13+00:00\" \/>\n<meta property=\"og:image\" content=\"https:\/\/mentoris.fi\/verkkokauppa\/wp-content\/uploads\/2021\/02\/Terapiakeskus_Mentoris_Sukanen-1-1.jpg\" \/>\n\t<meta property=\"og:image:width\" content=\"1900\" \/>\n\t<meta property=\"og:image:height\" content=\"1178\" \/>\n<meta name=\"twitter:card\" content=\"summary_large_image\" \/>\n<meta name=\"twitter:label1\" content=\"Arvioitu lukuaika\" \/>\n\t<meta name=\"twitter:data1\" content=\"1 minuutti\" \/>\n<script type=\"application\/ld+json\" class=\"yoast-schema-graph\">{\"@context\":\"https:\/\/schema.org\",\"@graph\":[{\"@type\":\"WebSite\",\"@id\":\"https:\/\/mentoris.fi\/verkkokauppa\/#website\",\"url\":\"https:\/\/mentoris.fi\/verkkokauppa\/\",\"name\":\"Terapiakeskus Mentoris verkkokauppa\",\"description\":\"Et\\u00e4terapiaa verkon kautta\",\"potentialAction\":[{\"@type\":\"SearchAction\",\"target\":{\"@type\":\"EntryPoint\",\"urlTemplate\":\"https:\/\/mentoris.fi\/verkkokauppa\/?s={search_term_string}\"},\"query-input\":\"required name=search_term_string\"}],\"inLanguage\":\"fi\"},{\"@type\":\"ImageObject\",\"@id\":\"https:\/\/mentoris.fi\/verkkokauppa\/tuote\/aikuisten-etaterapia\/#primaryimage\",\"inLanguage\":\"fi\",\"url\":\"https:\/\/mentoris.fi\/verkkokauppa\/wp-content\/uploads\/2021\/02\/Terapiakeskus_Mentoris_Sukanen-1-1.jpg\",\"contentUrl\":\"https:\/\/mentoris.fi\/verkkokauppa\/wp-content\/uploads\/2021\/02\/Terapiakeskus_Mentoris_Sukanen-1-1.jpg\",\"width\":1900,\"height\":1178},{\"@type\":\"WebPage\",\"@id\":\"https:\/\/mentoris.fi\/verkkokauppa\/tuote\/aikuisten-etaterapia\/#webpage\",\"url\":\"https:\/\/mentoris.fi\/verkkokauppa\/tuote\/aikuisten-etaterapia\/\",\"name\":\"Aikuisten et\\u00e4terapia - Terapiakeskus Mentoris verkkokauppa\",\"isPartOf\":{\"@id\":\"https:\/\/mentoris.fi\/verkkokauppa\/#website\"},\"primaryImageOfPage\":{\"@id\":\"https:\/\/mentoris.fi\/verkkokauppa\/tuote\/aikuisten-etaterapia\/#primaryimage\"},\"datePublished\":\"2021-03-02T11:38:42+00:00\",\"dateModified\":\"2021-07-07T10:24:13+00:00\",\"breadcrumb\":{\"@id\":\"https:\/\/mentoris.fi\/verkkokauppa\/tuote\/aikuisten-etaterapia\/#breadcrumb\"},\"inLanguage\":\"fi\",\"potentialAction\":[{\"@type\":\"ReadAction\",\"target\":[\"https:\/\/mentoris.fi\/verkkokauppa\/tuote\/aikuisten-etaterapia\/\"]}]},{\"@type\":\"BreadcrumbList\",\"@id\":\"https:\/\/mentoris.fi\/verkkokauppa\/tuote\/aikuisten-etaterapia\/#breadcrumb\",\"itemListElement\":[{\"@type\":\"ListItem\",\"position\":1,\"name\":\"Etusivu\",\"item\":\"https:\/\/mentoris.fi\/verkkokauppa\/\"},{\"@type\":\"ListItem\",\"position\":2,\"name\":\"Et\\u00e4terapia\",\"item\":\"https:\/\/mentoris.fi\/verkkokauppa\/kauppa\/\"},{\"@type\":\"ListItem\",\"position\":3,\"name\":\"Aikuisten et\\u00e4terapia\"}]}]}<\/script>\n<!-- \/ Yoast SEO plugin. -->","yoast_head_json":{"title":"Aikuisten et\u00e4terapia - Terapiakeskus Mentoris verkkokauppa","robots":{"index":"index","follow":"follow","max-snippet":"max-snippet:-1","max-image-preview":"max-image-preview:large","max-video-preview":"max-video-preview:-1"},"canonical":"https:\/\/mentoris.fi\/verkkokauppa\/tuote\/aikuisten-etaterapia\/","og_locale":"fi_FI","og_type":"article","og_title":"Aikuisten et\u00e4terapia - Terapiakeskus Mentoris verkkokauppa","og_description":"N\u00e4in teet varauksen:   Valitse terapia istunnon kesto alla olevista vaihtoehdoista.  Klikkaa \"Katso vapaat ajat\"-painiketta, joka vie ajan varaus sivulle.  Valitse p\u00e4iv\u00e4m\u00e4\u00e4r\u00e4 ja ajankohta. Halutessasi voit valita my\u00f6s ty\u00f6ntekij\u00e4n jolle haluat ajan varata.  T\u00e4yt\u00e4 tietosi ja vahvista varaus.  Varauksen tehty\u00e4si, saat varausvahvistuksen ja maksutiedot s\u00e4hk\u00f6postiisi.","og_url":"https:\/\/mentoris.fi\/verkkokauppa\/tuote\/aikuisten-etaterapia\/","og_site_name":"Terapiakeskus Mentoris verkkokauppa","article_modified_time":"2021-07-07T10:24:13+00:00","og_image":[{"width":1900,"height":1178,"url":"https:\/\/mentoris.fi\/verkkokauppa\/wp-content\/uploads\/2021\/02\/Terapiakeskus_Mentoris_Sukanen-1-1.jpg","type":"image\/jpeg"}],"twitter_card":"summary_large_image","twitter_misc":{"Arvioitu lukuaika":"1 minuutti"},"schema":{"@context":"https:\/\/schema.org","@graph":[{"@type":"WebSite","@id":"https:\/\/mentoris.fi\/verkkokauppa\/#website","url":"https:\/\/mentoris.fi\/verkkokauppa\/","name":"Terapiakeskus Mentoris verkkokauppa","description":"Et\u00e4terapiaa verkon kautta","potentialAction":[{"@type":"SearchAction","target":{"@type":"EntryPoint","urlTemplate":"https:\/\/mentoris.fi\/verkkokauppa\/?s={search_term_string}"},"query-input":"required name=search_term_string"}],"inLanguage":"fi"},{"@type":"ImageObject","@id":"https:\/\/mentoris.fi\/verkkokauppa\/tuote\/aikuisten-etaterapia\/#primaryimage","inLanguage":"fi","url":"https:\/\/mentoris.fi\/verkkokauppa\/wp-content\/uploads\/2021\/02\/Terapiakeskus_Mentoris_Sukanen-1-1.jpg","contentUrl":"https:\/\/mentoris.fi\/verkkokauppa\/wp-content\/uploads\/2021\/02\/Terapiakeskus_Mentoris_Sukanen-1-1.jpg","width":1900,"height":1178},{"@type":"WebPage","@id":"https:\/\/mentoris.fi\/verkkokauppa\/tuote\/aikuisten-etaterapia\/#webpage","url":"https:\/\/mentoris.fi\/verkkokauppa\/tuote\/aikuisten-etaterapia\/","name":"Aikuisten et\u00e4terapia - Terapiakeskus Mentoris verkkokauppa","isPartOf":{"@id":"https:\/\/mentoris.fi\/verkkokauppa\/#website"},"primaryImageOfPage":{"@id":"https:\/\/mentoris.fi\/verkkokauppa\/tuote\/aikuisten-etaterapia\/#primaryimage"},"datePublished":"2021-03-02T11:38:42+00:00","dateModified":"2021-07-07T10:24:13+00:00","breadcrumb":{"@id":"https:\/\/mentoris.fi\/verkkokauppa\/tuote\/aikuisten-etaterapia\/#breadcrumb"},"inLanguage":"fi","potentialAction":[{"@type":"ReadAction","target":["https:\/\/mentoris.fi\/verkkokauppa\/tuote\/aikuisten-etaterapia\/"]}]},{"@type":"BreadcrumbList","@id":"https:\/\/mentoris.fi\/verkkokauppa\/tuote\/aikuisten-etaterapia\/#breadcrumb","itemListElement":[{"@type":"ListItem","position":1,"name":"Etusivu","item":"https:\/\/mentoris.fi\/verkkokauppa\/"},{"@type":"ListItem","position":2,"name":"Et\u00e4terapia","item":"https:\/\/mentoris.fi\/verkkokauppa\/kauppa\/"},{"@type":"ListItem","position":3,"name":"Aikuisten et\u00e4terapia"}]}]}},"_links":{"self":[{"href":"https:\/\/mentoris.fi\/verkkokauppa\/wp-json\/wp\/v2\/product\/241"}],"collection":[{"href":"https:\/\/mentoris.fi\/verkkokauppa\/wp-json\/wp\/v2\/product"}],"about":[{"href":"https:\/\/mentoris.fi\/verkkokauppa\/wp-json\/wp\/v2\/types\/product"}],"replies":[{"embeddable":true,"href":"https:\/\/mentoris.fi\/verkkokauppa\/wp-json\/wp\/v2\/comments?post=241"}],"wp:featuredmedia":[{"embeddable":true,"href":"https:\/\/mentoris.fi\/verkkokauppa\/wp-json\/wp\/v2\/media\/50"}],"wp:attachment":[{"href":"https:\/\/mentoris.fi\/verkkokauppa\/wp-json\/wp\/v2\/media?parent=241"}],"wp:term":[{"taxonomy":"product_cat","embeddable":true,"href":"https:\/\/mentoris.fi\/verkkokauppa\/wp-json\/wp\/v2\/product_cat?post=241"},{"taxonomy":"product_tag","embeddable":true,"href":"https:\/\/mentoris.fi\/verkkokauppa\/wp-json\/wp\/v2\/product_tag?post=241"}],"curies":[{"name":"wp","href":"https:\/\/api.w.org\/{rel}","templated":true}]}}